{"id":494,"date":"2023-10-13T12:50:24","date_gmt":"2023-10-13T12:50:24","guid":{"rendered":"https:\/\/transtar.rwpstaging.site\/?page_id=494"},"modified":"2025-12-30T17:33:16","modified_gmt":"2025-12-30T17:33:16","slug":"blog","status":"publish","type":"page","link":"https:\/\/transtar.hu\/en\/blog\/","title":{"rendered":"Blog"},"content":{"rendered":"<div data-elementor-type=\"wp-page\" data-elementor-id=\"494\" class=\"elementor elementor-494\" data-elementor-post-type=\"page\">\n\t\t\t\t\t\t<section class=\"elementor-section elementor-top-section elementor-element elementor-element-76bef54d elementor-reverse-tablet elementor-reverse-mobile elementor-section-boxed elementor-section-height-default elementor-section-height-default\" data-id=\"76bef54d\" data-element_type=\"section\" data-e-type=\"section\">\n\t\t\t\t\t\t<div class=\"elementor-container elementor-column-gap-default\">\n\t\t\t\t\t<div class=\"elementor-column elementor-col-100 elementor-top-column elementor-element elementor-element-4679f88\" data-id=\"4679f88\" data-element_type=\"column\" data-e-type=\"column\">\n\t\t\t<div class=\"elementor-widget-wrap elementor-element-populated\">\n\t\t\t\t\t\t<div class=\"elementor-element elementor-element-3d6aadba elementor-widget elementor-widget-heading\" data-id=\"3d6aadba\" data-element_type=\"widget\" data-e-type=\"widget\" data-widget_type=\"heading.default\">\n\t\t\t\t<div class=\"elementor-widget-container\">\n\t\t\t\t\t<div class=\"elementor-heading-title elementor-size-default\">ARTICLES<\/div>\t\t\t\t<\/div>\n\t\t\t\t<\/div>\n\t\t\t\t<div class=\"elementor-element elementor-element-533044bb elementor-invisible elementor-widget elementor-widget-heading\" data-id=\"533044bb\" data-element_type=\"widget\" data-e-type=\"widget\" data-settings=\"{&quot;_animation&quot;:&quot;fadeInUp&quot;}\" data-widget_type=\"heading.default\">\n\t\t\t\t<div class=\"elementor-widget-container\">\n\t\t\t\t\t<h3 class=\"elementor-heading-title elementor-size-default\">LEGFRISSEBB H\u00cdRIENK<\/h3>\t\t\t\t<\/div>\n\t\t\t\t<\/div>\n\t\t\t\t\t<\/div>\n\t\t<\/div>\n\t\t\t\t\t<\/div>\n\t\t<\/section>\n\t\t<div class=\"elementor-element elementor-element-0c6e6b8 e-flex e-con-boxed e-con e-parent\" data-id=\"0c6e6b8\" data-element_type=\"container\" data-e-type=\"container\">\n\t\t\t\t\t<div class=\"e-con-inner\">\n\t\t\t\t<div class=\"elementor-element elementor-element-aeca083 elementor-grid-3 elementor-grid-tablet-2 elementor-grid-mobile-1 elementor-posts--thumbnail-top elementor-card-shadow-yes elementor-posts__hover-gradient elementor-widget elementor-widget-posts\" data-id=\"aeca083\" data-element_type=\"widget\" data-e-type=\"widget\" data-settings=\"{&quot;cards_columns&quot;:&quot;3&quot;,&quot;cards_columns_tablet&quot;:&quot;2&quot;,&quot;cards_columns_mobile&quot;:&quot;1&quot;,&quot;cards_row_gap&quot;:{&quot;unit&quot;:&quot;px&quot;,&quot;size&quot;:35,&quot;sizes&quot;:[]},&quot;cards_row_gap_tablet&quot;:{&quot;unit&quot;:&quot;px&quot;,&quot;size&quot;:&quot;&quot;,&quot;sizes&quot;:[]},&quot;cards_row_gap_mobile&quot;:{&quot;unit&quot;:&quot;px&quot;,&quot;size&quot;:&quot;&quot;,&quot;sizes&quot;:[]}}\" data-widget_type=\"posts.cards\">\n\t\t\t\t<div class=\"elementor-widget-container\">\n\t\t\t\t\t\t\t<div class=\"elementor-posts-container elementor-posts elementor-posts--skin-cards elementor-grid\" role=\"list\">\n\t\t\t\t<article class=\"elementor-post elementor-grid-item post-1127 post type-post status-publish format-standard has-post-thumbnail hentry category-uncategorized\" role=\"listitem\">\n\t\t\t<div class=\"elementor-post__card\">\n\t\t\t\t<a class=\"elementor-post__thumbnail__link\" href=\"https:\/\/transtar.hu\/en\/interju-szocs-viktoriaval-a-transtar-hungary-alapito-ugyvezetojevel-2\/\" tabindex=\"-1\" ><div class=\"elementor-post__thumbnail\"><img fetchpriority=\"high\" decoding=\"async\" width=\"800\" height=\"675\" src=\"https:\/\/transtar.hu\/wp-content\/uploads\/2025\/10\/transtar_interjukep.svg_.webp\" class=\"attachment-large size-large wp-image-1125\" alt=\"\" srcset=\"https:\/\/transtar.hu\/wp-content\/uploads\/2025\/10\/transtar_interjukep.svg_.webp 1024w, https:\/\/transtar.hu\/wp-content\/uploads\/2025\/10\/transtar_interjukep.svg_-300x253.webp 300w, https:\/\/transtar.hu\/wp-content\/uploads\/2025\/10\/transtar_interjukep.svg_-768x648.webp 768w, https:\/\/transtar.hu\/wp-content\/uploads\/2025\/10\/transtar_interjukep.svg_-14x12.webp 14w\" sizes=\"(max-width: 800px) 100vw, 800px\" \/><\/div><\/a>\n\t\t\t\t<div class=\"elementor-post__text\">\n\t\t\t\t<h3 class=\"elementor-post__title\">\n\t\t\t<a href=\"https:\/\/transtar.hu\/en\/interju-szocs-viktoriaval-a-transtar-hungary-alapito-ugyvezetojevel-2\/\" >\n\t\t\t\tInterview with Vikt\u00f3ria Sz\u0151cs, Founder &amp; CEO of Transtar Hungary \u2013\t\t\t<\/a>\n\t\t<\/h3>\n\t\t\n\t\t<a class=\"elementor-post__read-more\" href=\"https:\/\/transtar.hu\/en\/interju-szocs-viktoriaval-a-transtar-hungary-alapito-ugyvezetojevel-2\/\" aria-label=\"Read more about Interj\u00fa Sz\u0151cs Vikt\u00f3ri\u00e1val, a Transtar Hungary alap\u00edt\u00f3 \u00fcgyvezet\u0151j\u00e9vel\" tabindex=\"-1\" >\n\t\t\tOlvass tov\u00e1bb \u00bb\t\t<\/a>\n\n\t\t\t\t<\/div>\n\t\t\t\t<div class=\"elementor-post__meta-data\">\n\t\t\t\t\t<span class=\"elementor-post-date\">\n\t\t\t2025-10-07\t\t<\/span>\n\t\t\t\t<\/div>\n\t\t\t\t\t<\/div>\n\t\t<\/article>\n\t\t\t\t<article class=\"elementor-post elementor-grid-item post-151 post type-post status-publish format-standard has-post-thumbnail hentry category-uncategorized\" role=\"listitem\">\n\t\t\t<div class=\"elementor-post__card\">\n\t\t\t\t<a class=\"elementor-post__thumbnail__link\" href=\"https:\/\/transtar.hu\/en\/bcg-es-mckinsey-csatlakozik-a-zero-carbon-shipping-kozpontjahoz\/\" tabindex=\"-1\" ><div class=\"elementor-post__thumbnail\"><img decoding=\"async\" width=\"800\" height=\"800\" src=\"https:\/\/transtar.hu\/wp-content\/uploads\/2023\/10\/TH_hirek_2-1024x1024.jpg\" class=\"attachment-large size-large wp-image-755\" alt=\"\" srcset=\"https:\/\/transtar.hu\/wp-content\/uploads\/2023\/10\/TH_hirek_2-1024x1024.jpg 1024w, https:\/\/transtar.hu\/wp-content\/uploads\/2023\/10\/TH_hirek_2-300x300.jpg 300w, https:\/\/transtar.hu\/wp-content\/uploads\/2023\/10\/TH_hirek_2-150x150.jpg 150w, https:\/\/transtar.hu\/wp-content\/uploads\/2023\/10\/TH_hirek_2-768x768.jpg 768w, https:\/\/transtar.hu\/wp-content\/uploads\/2023\/10\/TH_hirek_2-12x12.jpg 12w, https:\/\/transtar.hu\/wp-content\/uploads\/2023\/10\/TH_hirek_2.jpg 1080w\" sizes=\"(max-width: 800px) 100vw, 800px\" \/><\/div><\/a>\n\t\t\t\t<div class=\"elementor-post__text\">\n\t\t\t\t<h3 class=\"elementor-post__title\">\n\t\t\t<a href=\"https:\/\/transtar.hu\/en\/bcg-es-mckinsey-csatlakozik-a-zero-carbon-shipping-kozpontjahoz\/\" >\n\t\t\t\tBCG \u00e9s McKinsey Csatlakozik a Zero Carbon Shipping K\u00f6zpontj\u00e1hoz\t\t\t<\/a>\n\t\t<\/h3>\n\t\t\n\t\t<a class=\"elementor-post__read-more\" href=\"https:\/\/transtar.hu\/en\/bcg-es-mckinsey-csatlakozik-a-zero-carbon-shipping-kozpontjahoz\/\" aria-label=\"Read more about BCG \u00e9s McKinsey Csatlakozik a Zero Carbon Shipping K\u00f6zpontj\u00e1hoz\" tabindex=\"-1\" >\n\t\t\tOlvass tov\u00e1bb \u00bb\t\t<\/a>\n\n\t\t\t\t<\/div>\n\t\t\t\t<div class=\"elementor-post__meta-data\">\n\t\t\t\t\t<span class=\"elementor-post-date\">\n\t\t\t2023-10-10\t\t<\/span>\n\t\t\t\t<\/div>\n\t\t\t\t\t<\/div>\n\t\t<\/article>\n\t\t\t\t<article class=\"elementor-post elementor-grid-item post-153 post type-post status-publish format-standard has-post-thumbnail hentry category-uncategorized\" role=\"listitem\">\n\t\t\t<div class=\"elementor-post__card\">\n\t\t\t\t<a class=\"elementor-post__thumbnail__link\" href=\"https:\/\/transtar.hu\/en\/reszletes-varosertekelesek-vilagszerte\/\" tabindex=\"-1\" ><div class=\"elementor-post__thumbnail\"><img decoding=\"async\" width=\"800\" height=\"800\" src=\"https:\/\/transtar.hu\/wp-content\/uploads\/2023\/10\/TH_hirek3-1024x1024.jpg\" class=\"attachment-large size-large wp-image-758\" alt=\"\" srcset=\"https:\/\/transtar.hu\/wp-content\/uploads\/2023\/10\/TH_hirek3-1024x1024.jpg 1024w, https:\/\/transtar.hu\/wp-content\/uploads\/2023\/10\/TH_hirek3-300x300.jpg 300w, https:\/\/transtar.hu\/wp-content\/uploads\/2023\/10\/TH_hirek3-150x150.jpg 150w, https:\/\/transtar.hu\/wp-content\/uploads\/2023\/10\/TH_hirek3-768x768.jpg 768w, https:\/\/transtar.hu\/wp-content\/uploads\/2023\/10\/TH_hirek3-12x12.jpg 12w, https:\/\/transtar.hu\/wp-content\/uploads\/2023\/10\/TH_hirek3.jpg 1080w\" sizes=\"(max-width: 800px) 100vw, 800px\" \/><\/div><\/a>\n\t\t\t\t<div class=\"elementor-post__text\">\n\t\t\t\t<h3 class=\"elementor-post__title\">\n\t\t\t<a href=\"https:\/\/transtar.hu\/en\/reszletes-varosertekelesek-vilagszerte\/\" >\n\t\t\t\tR\u00e9szletes v\u00e1ros\u00e9rt\u00e9kel\u00e9sek vil\u00e1gszerte\t\t\t<\/a>\n\t\t<\/h3>\n\t\t\n\t\t<a class=\"elementor-post__read-more\" href=\"https:\/\/transtar.hu\/en\/reszletes-varosertekelesek-vilagszerte\/\" aria-label=\"Read more about R\u00e9szletes v\u00e1ros\u00e9rt\u00e9kel\u00e9sek vil\u00e1gszerte\" tabindex=\"-1\" >\n\t\t\tOlvass tov\u00e1bb \u00bb\t\t<\/a>\n\n\t\t\t\t<\/div>\n\t\t\t\t<div class=\"elementor-post__meta-data\">\n\t\t\t\t\t<span class=\"elementor-post-date\">\n\t\t\t2023-10-10\t\t<\/span>\n\t\t\t\t<\/div>\n\t\t\t\t\t<\/div>\n\t\t<\/article>\n\t\t\t\t<article class=\"elementor-post elementor-grid-item post-1 post type-post status-publish format-standard has-post-thumbnail hentry category-uncategorized\" role=\"listitem\">\n\t\t\t<div class=\"elementor-post__card\">\n\t\t\t\t<a class=\"elementor-post__thumbnail__link\" href=\"https:\/\/transtar.hu\/en\/dekarbonizalas-ut-a-fenntarthato-szallitmanyozas-fele\/\" tabindex=\"-1\" ><div class=\"elementor-post__thumbnail\"><img loading=\"lazy\" decoding=\"async\" width=\"800\" height=\"800\" src=\"https:\/\/transtar.hu\/wp-content\/uploads\/2023\/10\/TH_hirek_1-1024x1024.jpg\" class=\"attachment-large size-large wp-image-740\" alt=\"\" srcset=\"https:\/\/transtar.hu\/wp-content\/uploads\/2023\/10\/TH_hirek_1-1024x1024.jpg 1024w, https:\/\/transtar.hu\/wp-content\/uploads\/2023\/10\/TH_hirek_1-300x300.jpg 300w, https:\/\/transtar.hu\/wp-content\/uploads\/2023\/10\/TH_hirek_1-150x150.jpg 150w, https:\/\/transtar.hu\/wp-content\/uploads\/2023\/10\/TH_hirek_1-768x768.jpg 768w, https:\/\/transtar.hu\/wp-content\/uploads\/2023\/10\/TH_hirek_1-12x12.jpg 12w, https:\/\/transtar.hu\/wp-content\/uploads\/2023\/10\/TH_hirek_1.jpg 1080w\" sizes=\"(max-width: 800px) 100vw, 800px\" \/><\/div><\/a>\n\t\t\t\t<div class=\"elementor-post__text\">\n\t\t\t\t<h3 class=\"elementor-post__title\">\n\t\t\t<a href=\"https:\/\/transtar.hu\/en\/dekarbonizalas-ut-a-fenntarthato-szallitmanyozas-fele\/\" >\n\t\t\t\tDekarboniz\u00e1l\u00e1s: \u00dat a Fenntarthat\u00f3 Sz\u00e1ll\u00edtm\u00e1nyoz\u00e1s Fel\u00e9\t\t\t<\/a>\n\t\t<\/h3>\n\t\t\n\t\t<a class=\"elementor-post__read-more\" href=\"https:\/\/transtar.hu\/en\/dekarbonizalas-ut-a-fenntarthato-szallitmanyozas-fele\/\" aria-label=\"Read more about Dekarboniz\u00e1l\u00e1s: \u00dat a Fenntarthat\u00f3 Sz\u00e1ll\u00edtm\u00e1nyoz\u00e1s Fel\u00e9\" tabindex=\"-1\" >\n\t\t\tOlvass tov\u00e1bb \u00bb\t\t<\/a>\n\n\t\t\t\t<\/div>\n\t\t\t\t<div class=\"elementor-post__meta-data\">\n\t\t\t\t\t<span class=\"elementor-post-date\">\n\t\t\t2023-10-10\t\t<\/span>\n\t\t\t\t<\/div>\n\t\t\t\t\t<\/div>\n\t\t<\/article>\n\t\t\t\t<\/div>\n\t\t\n\t\t\t\t\t\t<\/div>\n\t\t\t\t<\/div>\n\t\t\t\t<div class=\"elementor-element elementor-element-3e5233a elementor-widget elementor-widget-spacer\" data-id=\"3e5233a\" data-element_type=\"widget\" data-e-type=\"widget\" data-widget_type=\"spacer.default\">\n\t\t\t\t<div class=\"elementor-widget-container\">\n\t\t\t\t\t\t\t<div class=\"elementor-spacer\">\n\t\t\t<div class=\"elementor-spacer-inner\"><\/div>\n\t\t<\/div>\n\t\t\t\t\t\t<\/div>\n\t\t\t\t<\/div>\n\t\t\t\t\t<\/div>\n\t\t\t\t<\/div>\n\t\t\t\t<\/div>","protected":false},"excerpt":{"rendered":"<p>BLOG LEGFRISSEBB H\u00cdRIENK<\/p>","protected":false},"author":1,"featured_media":0,"parent":0,"menu_order":0,"comment_status":"closed","ping_status":"closed","template":"elementor_header_footer","meta":{"footnotes":""},"class_list":["post-494","page","type-page","status-publish","hentry"],"yoast_head":"<!-- This site is optimized with the Yoast SEO plugin v27.3 - https:\/\/yoast.com\/product\/yoast-seo-wordpress\/ -->\n<title>Transtar Blog | Fuvaroz\u00e1si H\u00edrek \u00e9s Tippek<\/title>\n<meta name=\"description\" content=\"Transtar fuvaroz\u00e1si blog: szak\u00e9rt\u0151i cikkek a logisztik\u00e1r\u00f3l, fuvaroz\u00e1si trendek, hasznos tippek v\u00e1llalkoz\u00e1soknak. Olvassa el legfrissebb bejegyz\u00e9seinket!\" \/>\n<meta name=\"robots\" content=\"index, follow, max-snippet:-1, max-image-preview:large, max-video-preview:-1\" \/>\n<link rel=\"canonical\" href=\"https:\/\/transtar.hu\/en\/blog\/\" \/>\n<meta property=\"og:locale\" content=\"en_US\" \/>\n<meta property=\"og:type\" content=\"article\" \/>\n<meta property=\"og:title\" content=\"Transtar Blog | Fuvaroz\u00e1si H\u00edrek \u00e9s Tippek\" \/>\n<meta property=\"og:description\" content=\"Transtar fuvaroz\u00e1si blog: szak\u00e9rt\u0151i cikkek a logisztik\u00e1r\u00f3l, fuvaroz\u00e1si trendek, hasznos tippek v\u00e1llalkoz\u00e1soknak. Olvassa el legfrissebb bejegyz\u00e9seinket!\" \/>\n<meta property=\"og:url\" content=\"https:\/\/transtar.hu\/en\/blog\/\" \/>\n<meta property=\"og:site_name\" content=\"Transtar\" \/>\n<meta property=\"article:modified_time\" content=\"2025-12-30T17:33:16+00:00\" \/>\n<meta name=\"twitter:card\" content=\"summary_large_image\" \/>\n<meta name=\"twitter:label1\" content=\"Est. reading time\" \/>\n\t<meta name=\"twitter:data1\" content=\"1 minute\" \/>\n<script type=\"application\/ld+json\" class=\"yoast-schema-graph\">{\"@context\":\"https:\\\/\\\/schema.org\",\"@graph\":[{\"@type\":\"WebPage\",\"@id\":\"https:\\\/\\\/transtar.hu\\\/blog\\\/\",\"url\":\"https:\\\/\\\/transtar.hu\\\/blog\\\/\",\"name\":\"Transtar Blog | Fuvaroz\u00e1si H\u00edrek \u00e9s Tippek\",\"isPartOf\":{\"@id\":\"https:\\\/\\\/transtar.hu\\\/#website\"},\"datePublished\":\"2023-10-13T12:50:24+00:00\",\"dateModified\":\"2025-12-30T17:33:16+00:00\",\"description\":\"Transtar fuvaroz\u00e1si blog: szak\u00e9rt\u0151i cikkek a logisztik\u00e1r\u00f3l, fuvaroz\u00e1si trendek, hasznos tippek v\u00e1llalkoz\u00e1soknak. Olvassa el legfrissebb bejegyz\u00e9seinket!\",\"breadcrumb\":{\"@id\":\"https:\\\/\\\/transtar.hu\\\/blog\\\/#breadcrumb\"},\"inLanguage\":\"en-US\",\"potentialAction\":[{\"@type\":\"ReadAction\",\"target\":[\"https:\\\/\\\/transtar.hu\\\/blog\\\/\"]}]},{\"@type\":\"BreadcrumbList\",\"@id\":\"https:\\\/\\\/transtar.hu\\\/blog\\\/#breadcrumb\",\"itemListElement\":[{\"@type\":\"ListItem\",\"position\":1,\"name\":\"Kezd\u0151lap\",\"item\":\"https:\\\/\\\/transtar.hu\\\/\"},{\"@type\":\"ListItem\",\"position\":2,\"name\":\"Blog\"}]},{\"@type\":\"WebSite\",\"@id\":\"https:\\\/\\\/transtar.hu\\\/#website\",\"url\":\"https:\\\/\\\/transtar.hu\\\/\",\"name\":\"Transtar\",\"description\":\"Teljesk\u00f6r\u0171 Nemzetk\u00f6zi Fuvarszervez\u00e9s\",\"publisher\":{\"@id\":\"https:\\\/\\\/transtar.hu\\\/#organization\"},\"potentialAction\":[{\"@type\":\"SearchAction\",\"target\":{\"@type\":\"EntryPoint\",\"urlTemplate\":\"https:\\\/\\\/transtar.hu\\\/?s={search_term_string}\"},\"query-input\":{\"@type\":\"PropertyValueSpecification\",\"valueRequired\":true,\"valueName\":\"search_term_string\"}}],\"inLanguage\":\"en-US\"},{\"@type\":\"Organization\",\"@id\":\"https:\\\/\\\/transtar.hu\\\/#organization\",\"name\":\"Transtar\",\"url\":\"https:\\\/\\\/transtar.hu\\\/\",\"logo\":{\"@type\":\"ImageObject\",\"inLanguage\":\"en-US\",\"@id\":\"https:\\\/\\\/transtar.hu\\\/#\\\/schema\\\/logo\\\/image\\\/\",\"url\":\"https:\\\/\\\/transtar.hu\\\/wp-content\\\/uploads\\\/2023\\\/10\\\/Asset-1Logo5.png\",\"contentUrl\":\"https:\\\/\\\/transtar.hu\\\/wp-content\\\/uploads\\\/2023\\\/10\\\/Asset-1Logo5.png\",\"width\":1000,\"height\":133,\"caption\":\"Transtar\"},\"image\":{\"@id\":\"https:\\\/\\\/transtar.hu\\\/#\\\/schema\\\/logo\\\/image\\\/\"}}]}<\/script>\n<!-- \/ Yoast SEO plugin. -->","yoast_head_json":{"title":"Transtar Blog | Fuvaroz\u00e1si H\u00edrek \u00e9s Tippek","description":"Transtar fuvaroz\u00e1si blog: szak\u00e9rt\u0151i cikkek a logisztik\u00e1r\u00f3l, fuvaroz\u00e1si trendek, hasznos tippek v\u00e1llalkoz\u00e1soknak. Olvassa el legfrissebb bejegyz\u00e9seinket!","robots":{"index":"index","follow":"follow","max-snippet":"max-snippet:-1","max-image-preview":"max-image-preview:large","max-video-preview":"max-video-preview:-1"},"canonical":"https:\/\/transtar.hu\/en\/blog\/","og_locale":"en_US","og_type":"article","og_title":"Transtar Blog | Fuvaroz\u00e1si H\u00edrek \u00e9s Tippek","og_description":"Transtar fuvaroz\u00e1si blog: szak\u00e9rt\u0151i cikkek a logisztik\u00e1r\u00f3l, fuvaroz\u00e1si trendek, hasznos tippek v\u00e1llalkoz\u00e1soknak. Olvassa el legfrissebb bejegyz\u00e9seinket!","og_url":"https:\/\/transtar.hu\/en\/blog\/","og_site_name":"Transtar","article_modified_time":"2025-12-30T17:33:16+00:00","twitter_card":"summary_large_image","twitter_misc":{"Est. reading time":"1 minute"},"schema":{"@context":"https:\/\/schema.org","@graph":[{"@type":"WebPage","@id":"https:\/\/transtar.hu\/blog\/","url":"https:\/\/transtar.hu\/blog\/","name":"Transtar Blog | Fuvaroz\u00e1si H\u00edrek \u00e9s Tippek","isPartOf":{"@id":"https:\/\/transtar.hu\/#website"},"datePublished":"2023-10-13T12:50:24+00:00","dateModified":"2025-12-30T17:33:16+00:00","description":"Transtar fuvaroz\u00e1si blog: szak\u00e9rt\u0151i cikkek a logisztik\u00e1r\u00f3l, fuvaroz\u00e1si trendek, hasznos tippek v\u00e1llalkoz\u00e1soknak. Olvassa el legfrissebb bejegyz\u00e9seinket!","breadcrumb":{"@id":"https:\/\/transtar.hu\/blog\/#breadcrumb"},"inLanguage":"en-US","potentialAction":[{"@type":"ReadAction","target":["https:\/\/transtar.hu\/blog\/"]}]},{"@type":"BreadcrumbList","@id":"https:\/\/transtar.hu\/blog\/#breadcrumb","itemListElement":[{"@type":"ListItem","position":1,"name":"Kezd\u0151lap","item":"https:\/\/transtar.hu\/"},{"@type":"ListItem","position":2,"name":"Blog"}]},{"@type":"WebSite","@id":"https:\/\/transtar.hu\/#website","url":"https:\/\/transtar.hu\/","name":"Transtar","description":"Teljesk\u00f6r\u0171 Nemzetk\u00f6zi Fuvarszervez\u00e9s","publisher":{"@id":"https:\/\/transtar.hu\/#organization"},"potentialAction":[{"@type":"SearchAction","target":{"@type":"EntryPoint","urlTemplate":"https:\/\/transtar.hu\/?s={search_term_string}"},"query-input":{"@type":"PropertyValueSpecification","valueRequired":true,"valueName":"search_term_string"}}],"inLanguage":"en-US"},{"@type":"Organization","@id":"https:\/\/transtar.hu\/#organization","name":"Transtar","url":"https:\/\/transtar.hu\/","logo":{"@type":"ImageObject","inLanguage":"en-US","@id":"https:\/\/transtar.hu\/#\/schema\/logo\/image\/","url":"https:\/\/transtar.hu\/wp-content\/uploads\/2023\/10\/Asset-1Logo5.png","contentUrl":"https:\/\/transtar.hu\/wp-content\/uploads\/2023\/10\/Asset-1Logo5.png","width":1000,"height":133,"caption":"Transtar"},"image":{"@id":"https:\/\/transtar.hu\/#\/schema\/logo\/image\/"}}]}},"_links":{"self":[{"href":"https:\/\/transtar.hu\/en\/wp-json\/wp\/v2\/pages\/494","targetHints":{"allow":["GET"]}}],"collection":[{"href":"https:\/\/transtar.hu\/en\/wp-json\/wp\/v2\/pages"}],"about":[{"href":"https:\/\/transtar.hu\/en\/wp-json\/wp\/v2\/types\/page"}],"author":[{"embeddable":true,"href":"https:\/\/transtar.hu\/en\/wp-json\/wp\/v2\/users\/1"}],"replies":[{"embeddable":true,"href":"https:\/\/transtar.hu\/en\/wp-json\/wp\/v2\/comments?post=494"}],"version-history":[{"count":5,"href":"https:\/\/transtar.hu\/en\/wp-json\/wp\/v2\/pages\/494\/revisions"}],"predecessor-version":[{"id":792,"href":"https:\/\/transtar.hu\/en\/wp-json\/wp\/v2\/pages\/494\/revisions\/792"}],"wp:attachment":[{"href":"https:\/\/transtar.hu\/en\/wp-json\/wp\/v2\/media?parent=494"}],"curies":[{"name":"wp","href":"https:\/\/api.w.org\/{rel}","templated":true}]}}